{"id":5125,"date":"2022-10-02T14:33:55","date_gmt":"2022-10-02T14:33:55","guid":{"rendered":"https:\/\/am-eventhouse.de\/?page_id=5125"},"modified":"2023-06-08T19:12:55","modified_gmt":"2023-06-08T19:12:55","slug":"kindergeburtstag","status":"publish","type":"page","link":"https:\/\/am-eventhouse.de\/?page_id=5125","title":{"rendered":"Kindergeburtstag"},"content":{"rendered":"<p>KINDERGEBURTSTAG<\/p>\n<p>Tanz, Spiel, Spa\u00df, Animation &#8211; bei uns wird jeder Kindergeburtstag ein rie\u00dfen Hit und das ganz ohne Eltern!<\/p>\n<p>Mit unserem ausgebildeten Kindertanz- und HipHop Team erstellen wir individuell f\u00fcr jedes Geburtstagskind die perfekte Party. In unseren dekorierten R\u00e4umlichkeiten erlernen die Kids auf ihr Wunschlied eine abgestimmte Choreografie, welche am Ende als Erinnerungsvideo gefilmt werden darf. Zudem erh\u00e4lt jedes Geburtstagskind ein kleines Geschenk von unserem Team! Softgetr\u00e4nke und Popcorn sind hier nat\u00fcrlich inkludiert.<\/p>\n<p>Auf Wunsch k\u00f6nnen auch weitere Snacks, Motto-Deko, sowie eine Fotobox mit unvergesslichen Fotos zus\u00e4tzlich gebucht werden.<\/p>\n<\/p>\n<div class=\"table-2\">\n<table width=\"100%\">\n<thead>\n<tr>\n<th align=\"left\">Kindergeburtstag inkl. Animation und Unterricht<\/th>\n<th align=\"left\">Party Paket 1<\/th>\n<th align=\"left\">Party Paket 2<\/th>\n<\/tr>\n<\/thead>\n<tbody>\n<tr>\n<td align=\"left\"><\/td>\n<td align=\"left\"><\/td>\n<td align=\"left\"><\/td>\n<\/tr>\n<tr>\n<td align=\"left\">Exclusiver Veranstaltungsservice<\/td>\n<td align=\"left\">\u2714<\/td>\n<td align=\"left\">\u2714<\/td>\n<\/tr>\n<tr>\n<td align=\"left\">Raummiete<\/td>\n<td align=\"left\">1,5 Stunden<\/td>\n<td align=\"left\">2 Stunden<\/td>\n<\/tr>\n<tr>\n<td align=\"left\">Endreinigung<\/td>\n<td align=\"left\">\u2714<\/td>\n<td align=\"left\">\u2714<\/td>\n<\/tr>\n<tr>\n<td align=\"left\">Basis Deko<\/td>\n<td align=\"left\">\u2714<\/td>\n<td align=\"left\">\u2714<\/td>\n<\/tr>\n<tr>\n<td align=\"left\">1x Freigetr\u00e4nk<\/td>\n<td align=\"left\">\u2714<\/td>\n<td align=\"left\">\u2714<\/td>\n<\/tr>\n<tr>\n<td align=\"left\">Popcorn<\/td>\n<td align=\"left\">\u2714<\/td>\n<td align=\"left\">\u2714<\/td>\n<\/tr>\n<tr>\n<td align=\"left\">8 Kinder inklusive<\/td>\n<td align=\"left\">\u2714<\/td>\n<td align=\"left\">\u2714<\/td>\n<\/tr>\n<tr>\n<td align=\"left\">Preis<\/td>\n<td align=\"left\">169,00<\/td>\n<td align=\"left\">208,00<\/td>\n<\/tr>\n<tr>\n<td align=\"left\"><\/td>\n<td align=\"left\"><\/td>\n<td align=\"left\"><\/td>\n<\/tr>\n<tr>\n<td align=\"left\">Zubuchbare Leistungen<\/td>\n<td align=\"left\"><\/td>\n<td align=\"left\"><\/td>\n<\/tr>\n<tr>\n<td align=\"left\">Jedes weitere Kind<\/td>\n<td align=\"left\">8,00<\/td>\n<td align=\"left\">10,00<\/td>\n<\/tr>\n<tr>\n<td align=\"left\">Kleine Snacks pro Kind<\/td>\n<td align=\"left\">4,50<\/td>\n<td align=\"left\">4,50<\/td>\n<\/tr>\n<tr>\n<td align=\"left\">Fotobox inkl. 50 Bildern &#8211; Preis je Kind<\/td>\n<td align=\"left\">4,00<\/td>\n<td align=\"left\">4,00<\/td>\n<\/tr>\n<tr>\n<td align=\"left\">Motto Deko<\/td>\n<td align=\"left\">35,00<\/td>\n<td align=\"left\">35,00<\/td>\n<\/tr>\n<\/tbody>\n<\/table>\n<\/div>\n<p>\n<p>&nbsp;<\/p>\n","protected":false},"excerpt":{"rendered":"<p>KINDERGEBURTSTAG Tanz, Spiel, Spa\u00df, Animation &#8211; bei uns wird jeder Kindergeburtstag ein rie\u00dfen Hit und das ganz ohne Eltern! Mit unserem ausgebildeten Kindertanz- und HipHop Team erstellen wir individuell f\u00fcr jedes Geburtstagskind die perfekte Party. In unseren dekorierten R\u00e4umlichkeiten erlernen die Kids auf ihr Wunschlied eine abgestimmte Choreografie, welche am Ende als Erinnerungsvideo gefilmt werden<\/p>\n","protected":false},"author":1,"featured_media":5225,"parent":4688,"menu_order":25,"comment_status":"closed","ping_status":"closed","template":"","meta":{"footnotes":""},"class_list":["post-5125","page","type-page","status-publish","has-post-thumbnail","hentry"],"_links":{"self":[{"href":"https:\/\/am-eventhouse.de\/index.php?rest_route=\/wp\/v2\/pages\/5125","targetHints":{"allow":["GET"]}}],"collection":[{"href":"https:\/\/am-eventhouse.de\/index.php?rest_route=\/wp\/v2\/pages"}],"about":[{"href":"https:\/\/am-eventhouse.de\/index.php?rest_route=\/wp\/v2\/types\/page"}],"author":[{"embeddable":true,"href":"https:\/\/am-eventhouse.de\/index.php?rest_route=\/wp\/v2\/users\/1"}],"replies":[{"embeddable":true,"href":"https:\/\/am-eventhouse.de\/index.php?rest_route=%2Fwp%2Fv2%2Fcomments&post=5125"}],"version-history":[{"count":7,"href":"https:\/\/am-eventhouse.de\/index.php?rest_route=\/wp\/v2\/pages\/5125\/revisions"}],"predecessor-version":[{"id":5297,"href":"https:\/\/am-eventhouse.de\/index.php?rest_route=\/wp\/v2\/pages\/5125\/revisions\/5297"}],"up":[{"embeddable":true,"href":"https:\/\/am-eventhouse.de\/index.php?rest_route=\/wp\/v2\/pages\/4688"}],"wp:featuredmedia":[{"embeddable":true,"href":"https:\/\/am-eventhouse.de\/index.php?rest_route=\/wp\/v2\/media\/5225"}],"wp:attachment":[{"href":"https:\/\/am-eventhouse.de\/index.php?rest_route=%2Fwp%2Fv2%2Fmedia&parent=5125"}],"curies":[{"name":"wp","href":"https:\/\/api.w.org\/{rel}","templated":true}]}}