{"id":5138,"date":"2022-10-02T14:36:12","date_gmt":"2022-10-02T14:36:12","guid":{"rendered":"https:\/\/am-eventhouse.de\/?page_id=5138"},"modified":"2023-06-08T19:17:35","modified_gmt":"2023-06-08T19:17:35","slug":"hochzeit","status":"publish","type":"page","link":"https:\/\/am-eventhouse.de\/?page_id=5138","title":{"rendered":"Hochzeit"},"content":{"rendered":"<div class=\"fusion-fullwidth fullwidth-box fusion-builder-row-1 fusion-flex-container nonhundred-percent-fullwidth non-hundred-percent-height-scrolling\" style=\"background-color: rgba(255,255,255,0);background-position: center center;background-repeat: no-repeat;border-width: 0px 0px 0px 0px;border-color:#eae9e9;border-style:solid;\" ><div class=\"fusion-builder-row fusion-row fusion-flex-align-items-flex-start\" style=\"max-width:1216.8px;margin-left: calc(-4% \/ 2 );margin-right: calc(-4% \/ 2 );\"><div class=\"fusion-layout-column fusion_builder_column fusion-builder-column-0 fusion_builder_column_1_1 1_1 fusion-flex-column\"><div class=\"fusion-column-wrapper fusion-flex-justify-content-flex-start fusion-content-layout-column\" style=\"background-position:left top;background-repeat:no-repeat;-webkit-background-size:cover;-moz-background-size:cover;-o-background-size:cover;background-size:cover;padding: 0px 0px 0px 0px;\"><div class=\"fusion-text fusion-text-1\"><p>HOCHZEIT<\/p>\n<p>Ihr sucht nach einer modernen Location f\u00fcr den sch\u00f6nsten Tag eures Lebens? Dann ist unser Eventhouse genau das Richtige f\u00fcr euch! Wir bieten Raum f\u00fcr Ihr gro\u00dfes oder auch kleines Fest. <\/p>\n<p>Drei Pakete die zur Auswahl stehen, beinhalten alles, was ein unvergesslicher Tag ben\u00f6tigt. <\/p>\n<p>Auch unser herzliches Team m\u00f6chte Ihre W\u00fcnsche und Tr\u00e4ume erf\u00fcllen und steht Ihnen bei allen Vorbereitungen sowie an euren gro\u00dfen Tag zur Seite. Wir k\u00fcmmern uns um den Aufbau bis zur Reinigung um alles. Eine perfekte Durchf\u00fchrung Ihrer Hochzeitsparty ist garantiert.<\/p>\n<\/div>\n<div class=\"table-2\">\n<table width=\"100%\">\n<thead>\n<tr>\n<th align=\"left\">Hochzeiten 8 Stunden Pakete<\/th>\n<th align=\"left\">PREMIUM<\/th>\n<th align=\"left\">DELUXE<\/th>\n<th align=\"left\">EXKLUSIVE<\/th>\n<\/tr>\n<\/thead>\n<tbody>\n<tr>\n<td align=\"left\"><\/td>\n<td align=\"left\"><\/td>\n<td align=\"left\"><\/td>\n<td align=\"left\"><\/td>\n<\/tr>\n<tr>\n<td align=\"left\">Exklusiver Veranstaltungsservice<\/td>\n<td align=\"left\">\u2714<\/td>\n<td align=\"left\">\u2714<\/td>\n<td align=\"left\">\u2714<\/td>\n<\/tr>\n<tr>\n<td align=\"left\">Raummiete inkl. Nebenkosten und Betriebskosten inkl. Bereitstellungskosten von 2 Stunden<\/td>\n<td align=\"left\">\u2714<\/td>\n<td align=\"left\">\u2714<\/td>\n<td align=\"left\">\u2714<\/td>\n<\/tr>\n<tr>\n<td align=\"left\">Individuelle Bestuhlung<\/td>\n<td align=\"left\">\u2714<\/td>\n<td align=\"left\">\u2714<\/td>\n<td align=\"left\">\u2714<\/td>\n<\/tr>\n<tr>\n<td align=\"left\">Stuhlhussen<\/td>\n<td align=\"left\">X<\/td>\n<td align=\"left\">\u2714<\/td>\n<td align=\"left\">\u2714<\/td>\n<\/tr>\n<tr>\n<td align=\"left\">Kleines Getr\u00e4nkepaket<\/td>\n<td align=\"left\">\u2714<\/td>\n<td align=\"left\">X<\/td>\n<td align=\"left\">X<\/td>\n<\/tr>\n<tr>\n<td align=\"left\">Gro\u00dfes Getr\u00e4nkepaket<\/td>\n<td align=\"left\">X<\/td>\n<td align=\"left\">\u2714<\/td>\n<td align=\"left\">\u2714<\/td>\n<\/tr>\n<tr>\n<td align=\"left\">Kleiner Sektempfang Ihrer G\u00e4ste<\/td>\n<td align=\"left\">\u2714<\/td>\n<td align=\"left\">\u2714<\/td>\n<td align=\"left\">\u2714<\/td>\n<\/tr>\n<tr>\n<td align=\"left\">Nespresso Kaffee<\/td>\n<td align=\"left\">\u2714<\/td>\n<td align=\"left\">\u2714<\/td>\n<td align=\"left\">\u2714<\/td>\n<\/tr>\n<tr>\n<td align=\"left\">Cappuccino, Latte Macchiato<\/td>\n<td align=\"left\">X<\/td>\n<td align=\"left\">\u2714<\/td>\n<td align=\"left\">\u2714<\/td>\n<\/tr>\n<tr>\n<td align=\"left\">Tischw\u00e4sche<\/td>\n<td align=\"left\">X<\/td>\n<td align=\"left\">\u2714<\/td>\n<td align=\"left\">\u2714<\/td>\n<\/tr>\n<tr>\n<td align=\"left\">Papierservietten<\/td>\n<td align=\"left\">X<\/td>\n<td align=\"left\">\u2714<\/td>\n<td align=\"left\">\u2714<\/td>\n<\/tr>\n<tr>\n<td align=\"left\">Stoffservietten<\/td>\n<td align=\"left\">X<\/td>\n<td align=\"left\">X<\/td>\n<td align=\"left\">\u2714<\/td>\n<\/tr>\n<tr>\n<td align=\"left\">Kerzengl\u00e4ser klein und mittel<\/td>\n<td align=\"left\">\u2714<\/td>\n<td align=\"left\">\u2714<\/td>\n<td align=\"left\">\u2714<\/td>\n<\/tr>\n<tr>\n<td align=\"left\">Kerzenleuchter<\/td>\n<td align=\"left\">X<\/td>\n<td align=\"left\">\u2714<\/td>\n<td align=\"left\">\u2714<\/td>\n<\/tr>\n<tr>\n<td align=\"left\">Fotobox Digital<\/td>\n<td align=\"left\">X<\/td>\n<td align=\"left\">\u2714<\/td>\n<td align=\"left\">\u2714<\/td>\n<\/tr>\n<tr>\n<td align=\"left\">Fotobox inkl 300 Ausdrucken und individuellem Branding<\/td>\n<td align=\"left\">X<\/td>\n<td align=\"left\">X<\/td>\n<td align=\"left\">\u2714<\/td>\n<\/tr>\n<tr>\n<td align=\"left\">Kinder bis 5 Jahre frei, Kinder 6 bis 12 Jahre halber Preis<\/td>\n<td align=\"left\">\u2714<\/td>\n<td align=\"left\">\u2714<\/td>\n<td align=\"left\">\u2714<\/td>\n<\/tr>\n<tr>\n<td align=\"left\">Standard Endreinigung<\/td>\n<td align=\"left\">\u2714<\/td>\n<td align=\"left\">\u2714<\/td>\n<td align=\"left\">\u2714<\/td>\n<\/tr>\n<tr>\n<td align=\"left\"><\/td>\n<td align=\"left\"><\/td>\n<td align=\"left\"><\/td>\n<td align=\"left\"><\/td>\n<\/tr>\n<tr>\n<td align=\"left\">Preis pro Person<\/td>\n<td align=\"left\">74,00 \u20ac<\/td>\n<td align=\"left\">98,00 \u20ac<\/td>\n<td align=\"left\">104,00 \u20ac<\/td>\n<\/tr>\n<tr>\n<td align=\"left\"><\/td>\n<td align=\"left\"><\/td>\n<td align=\"left\"><\/td>\n<td align=\"left\"><\/td>\n<\/tr>\n<tr>\n<td align=\"left\">Zubuchbare Leistungen je Person<\/td>\n<td align=\"left\"><\/td>\n<td align=\"left\"><\/td>\n<td align=\"left\"><\/td>\n<\/tr>\n<tr>\n<td align=\"left\">Candy Bar<\/td>\n<td align=\"left\">3,00 \u20ac<\/td>\n<td align=\"left\">3,00 \u20ac<\/td>\n<td align=\"left\">3,00\u20ac<\/td>\n<\/tr>\n<tr>\n<td align=\"left\">Stuhlhussen<\/td>\n<td align=\"left\">5,00 \u20ac<\/td>\n<td align=\"left\">5,00\u20ac<\/td>\n<td align=\"left\">\u2714<\/td>\n<\/tr>\n<tr>\n<td align=\"left\">Cocktailflatratepaket f\u00fcr den ganzen Tag<\/td>\n<td align=\"left\">18,90\u20ac<\/td>\n<td align=\"left\">18,90\u20ac<\/td>\n<td align=\"left\">18,90\u20ac<\/td>\n<\/tr>\n<tr>\n<td align=\"left\">Longdrinkflatrate f\u00fcr den ganzen Tag<\/td>\n<td align=\"left\">12,90\u20ac<\/td>\n<td align=\"left\">12,90\u20ac<\/td>\n<td align=\"left\">12,90\u20ac<\/td>\n<\/tr>\n<tr>\n<td align=\"left\"><\/td>\n<td align=\"left\"><\/td>\n<td align=\"left\"><\/td>\n<td align=\"left\"><\/td>\n<\/tr>\n<tr>\n<td align=\"left\">Zubuchbare Leistungen pro Tag<\/td>\n<td align=\"left\"><\/td>\n<td align=\"left\"><\/td>\n<td align=\"left\"><\/td>\n<\/tr>\n<tr>\n<td align=\"left\">DJ inkl Licht und Tontechnik<\/td>\n<td align=\"left\">500,00 \u20ac<\/td>\n<td align=\"left\">&nbsp;500,00 \u20ac<\/td>\n<td align=\"left\">&nbsp;500,00 \u20ac<\/td>\n<\/tr>\n<tr>\n<td align=\"left\">Fotobox digital<\/td>\n<td align=\"left\">249,00 \u20ac<\/td>\n<td align=\"left\">\u2714<\/td>\n<td align=\"left\">\u2714<\/td>\n<\/tr>\n<tr>\n<td align=\"left\">Fotobox mit 300 Ausdrucken und individuellem Branding<\/td>\n<td align=\"left\">349,00 \u20ac<\/td>\n<td align=\"left\">&nbsp;349,00 \u20ac<\/td>\n<td align=\"left\">&nbsp;\u2714<\/td>\n<\/tr>\n<\/tbody>\n<\/table>\n<\/div>\n<\/div><style type=\"text\/css\">.fusion-body .fusion-builder-column-0{width:100% !important;margin-top : 0px;margin-bottom : 0px;}.fusion-builder-column-0 > .fusion-column-wrapper {padding-top : 0px !important;padding-right : 0px !important;margin-right : 1.92%;padding-bottom : 0px !important;padding-left : 0px !important;margin-left : 1.92%;}@media only screen and (max-width:1024px) {.fusion-body .fusion-builder-column-0{width:100% !important;}.fusion-builder-column-0 > .fusion-column-wrapper {margin-right : 1.92%;margin-left : 1.92%;}}@media only screen and (max-width:640px) {.fusion-body .fusion-builder-column-0{width:100% !important;}.fusion-builder-column-0 > .fusion-column-wrapper {margin-right : 1.92%;margin-left : 1.92%;}}<\/style><\/div><\/div><style type=\"text\/css\">.fusion-body .fusion-flex-container.fusion-builder-row-1{ padding-top : 0px;margin-top : 0px;padding-right : 0px;padding-bottom : 0px;margin-bottom : 0px;padding-left : 0px;}<\/style><\/div>\n","protected":false},"excerpt":{"rendered":"","protected":false},"author":1,"featured_media":5220,"parent":4688,"menu_order":5,"comment_status":"closed","ping_status":"closed","template":"","meta":{"footnotes":""},"class_list":["post-5138","page","type-page","status-publish","has-post-thumbnail","hentry"],"_links":{"self":[{"href":"https:\/\/am-eventhouse.de\/index.php?rest_route=\/wp\/v2\/pages\/5138","targetHints":{"allow":["GET"]}}],"collection":[{"href":"https:\/\/am-eventhouse.de\/index.php?rest_route=\/wp\/v2\/pages"}],"about":[{"href":"https:\/\/am-eventhouse.de\/index.php?rest_route=\/wp\/v2\/types\/page"}],"author":[{"embeddable":true,"href":"https:\/\/am-eventhouse.de\/index.php?rest_route=\/wp\/v2\/users\/1"}],"replies":[{"embeddable":true,"href":"https:\/\/am-eventhouse.de\/index.php?rest_route=%2Fwp%2Fv2%2Fcomments&post=5138"}],"version-history":[{"count":6,"href":"https:\/\/am-eventhouse.de\/index.php?rest_route=\/wp\/v2\/pages\/5138\/revisions"}],"predecessor-version":[{"id":5300,"href":"https:\/\/am-eventhouse.de\/index.php?rest_route=\/wp\/v2\/pages\/5138\/revisions\/5300"}],"up":[{"embeddable":true,"href":"https:\/\/am-eventhouse.de\/index.php?rest_route=\/wp\/v2\/pages\/4688"}],"wp:featuredmedia":[{"embeddable":true,"href":"https:\/\/am-eventhouse.de\/index.php?rest_route=\/wp\/v2\/media\/5220"}],"wp:attachment":[{"href":"https:\/\/am-eventhouse.de\/index.php?rest_route=%2Fwp%2Fv2%2Fmedia&parent=5138"}],"curies":[{"name":"wp","href":"https:\/\/api.w.org\/{rel}","templated":true}]}}