{"id":5142,"date":"2022-10-02T14:37:57","date_gmt":"2022-10-02T14:37:57","guid":{"rendered":"https:\/\/am-eventhouse.de\/?page_id=5142"},"modified":"2023-06-08T19:22:09","modified_gmt":"2023-06-08T19:22:09","slug":"junggesellenabschied","status":"publish","type":"page","link":"https:\/\/am-eventhouse.de\/?page_id=5142","title":{"rendered":"Junggesellenabschied"},"content":{"rendered":"<div class=\"fusion-fullwidth fullwidth-box fusion-builder-row-1 fusion-flex-container nonhundred-percent-fullwidth non-hundred-percent-height-scrolling\" style=\"background-color: rgba(255,255,255,0);background-position: center center;background-repeat: no-repeat;border-width: 0px 0px 0px 0px;border-color:#eae9e9;border-style:solid;\" ><div class=\"fusion-builder-row fusion-row fusion-flex-align-items-flex-start\" style=\"max-width:1216.8px;margin-left: calc(-4% \/ 2 );margin-right: calc(-4% \/ 2 );\"><div class=\"fusion-layout-column fusion_builder_column fusion-builder-column-0 fusion_builder_column_1_1 1_1 fusion-flex-column\"><div class=\"fusion-column-wrapper fusion-flex-justify-content-flex-start fusion-content-layout-column\" style=\"background-position:left top;background-repeat:no-repeat;-webkit-background-size:cover;-moz-background-size:cover;-o-background-size:cover;background-size:cover;padding: 0px 0px 0px 0px;\"><div class=\"fusion-text fusion-text-1\"><p>JUNGGESSELLENABSCHIED<\/p>\n<p>Du suchst nach einem besonderen Highlight, den letzten Tag vor der Ehe eurer besten Freundin \/ eures besten Freundes zu feiern? Dann bist du bei uns genau richtig!<\/p>\n<p>In unseren dekorierten R\u00e4umlichkeiten verbringt ihr unvergessliche 90 Minuten. Neben einem Begr\u00fc\u00dfungsdrink und Snacks erlernt eure Gruppe eine Choreografie auf die vorab besprochene Musik, welche nat\u00fcrlich am Ende als Erinnerungsvideo gefilmt werden darf. <\/p>\n<p>Worauf wartet ihr noch? Rein in die Tanzschuhe und los geht&#8217;s &#8211; so werdet ihr die Dancing Stars auf der Hochzeit! <\/p>\n<p>F\u00fcr unvergessliche Fotos kann nat\u00fcrlich auch unsere Fotobox zus\u00e4tzlich gemietet werden.<\/p>\n<\/div>\n<div class=\"table-2\">\n<table width=\"100%\">\n<thead>\n<tr>\n<th align=\"left\">Junggesellenabschiede<\/th>\n<th align=\"left\">Party Paket 1<\/th>\n<th align=\"left\">Party Paket 2<\/th>\n<\/tr>\n<\/thead>\n<tbody>\n<tr>\n<td align=\"left\"><\/td>\n<td align=\"left\"><\/td>\n<td align=\"left\"><\/td>\n<\/tr>\n<tr>\n<td>Exklusiver Veranstaltungsservice<\/td>\n<td align=\"left\">x<\/td>\n<td align=\"left\">x<\/td>\n<\/tr>\n<tr>\n<td align=\"left\">Raummiete<\/td>\n<td align=\"left\">1,5 Stunden<\/td>\n<td align=\"left\">2,5 Stunden<\/td>\n<\/tr>\n<tr>\n<td align=\"left\">Endreinigung<\/td>\n<td align=\"left\">x<\/td>\n<td align=\"left\">x<\/td>\n<\/tr>\n<tr>\n<td align=\"left\">Begr\u00fc\u00dfungsdrink<\/td>\n<td align=\"left\">x<\/td>\n<td align=\"left\">x<\/td>\n<\/tr>\n<tr>\n<td align=\"left\">12 Personen inklusive<\/td>\n<td align=\"left\">x<\/td>\n<td align=\"left\">x<\/td>\n<\/tr>\n<tr>\n<td align=\"left\">Preis<\/td>\n<td align=\"left\">399,00<\/td>\n<td align=\"left\">499,00<\/td>\n<\/tr>\n<tr>\n<td align=\"left\"><\/td>\n<td align=\"left\"><\/td>\n<td align=\"left\"><\/td>\n<\/tr>\n<tr>\n<td align=\"left\">Zubuchbare Leistungen<\/td>\n<td align=\"left\"><\/td>\n<td align=\"left\"><\/td>\n<\/tr>\n<tr>\n<td align=\"left\">Jede weitere Person<\/td>\n<td align=\"left\">29,00<\/td>\n<td align=\"left\">32,00<\/td>\n<\/tr>\n<tr>\n<td align=\"left\">Fotobox Digital<\/td>\n<td align=\"left\">50,00<\/td>\n<td align=\"left\">50,00<\/td>\n<\/tr>\n<tr>\n<td align=\"left\">Fotobox Ausdruck<\/td>\n<td align=\"left\">150,00<\/td>\n<td align=\"left\">150,00<\/td>\n<\/tr>\n<\/tbody>\n<\/table>\n<\/div>\n<\/div><style type=\"text\/css\">.fusion-body .fusion-builder-column-0{width:100% !important;margin-top : 0px;margin-bottom : 0px;}.fusion-builder-column-0 > .fusion-column-wrapper {padding-top : 0px !important;padding-right : 0px !important;margin-right : 1.92%;padding-bottom : 0px !important;padding-left : 0px !important;margin-left : 1.92%;}@media only screen and (max-width:1024px) {.fusion-body .fusion-builder-column-0{width:100% !important;}.fusion-builder-column-0 > .fusion-column-wrapper {margin-right : 1.92%;margin-left : 1.92%;}}@media only screen and (max-width:640px) {.fusion-body .fusion-builder-column-0{width:100% !important;}.fusion-builder-column-0 > .fusion-column-wrapper {margin-right : 1.92%;margin-left : 1.92%;}}<\/style><\/div><\/div><style type=\"text\/css\">.fusion-body .fusion-flex-container.fusion-builder-row-1{ padding-top : 0px;margin-top : 0px;padding-right : 0px;padding-bottom : 0px;margin-bottom : 0px;padding-left : 0px;}<\/style><\/div>\n","protected":false},"excerpt":{"rendered":"","protected":false},"author":1,"featured_media":5222,"parent":4688,"menu_order":35,"comment_status":"closed","ping_status":"closed","template":"","meta":{"footnotes":""},"class_list":["post-5142","page","type-page","status-publish","has-post-thumbnail","hentry"],"_links":{"self":[{"href":"https:\/\/am-eventhouse.de\/index.php?rest_route=\/wp\/v2\/pages\/5142","targetHints":{"allow":["GET"]}}],"collection":[{"href":"https:\/\/am-eventhouse.de\/index.php?rest_route=\/wp\/v2\/pages"}],"about":[{"href":"https:\/\/am-eventhouse.de\/index.php?rest_route=\/wp\/v2\/types\/page"}],"author":[{"embeddable":true,"href":"https:\/\/am-eventhouse.de\/index.php?rest_route=\/wp\/v2\/users\/1"}],"replies":[{"embeddable":true,"href":"https:\/\/am-eventhouse.de\/index.php?rest_route=%2Fwp%2Fv2%2Fcomments&post=5142"}],"version-history":[{"count":6,"href":"https:\/\/am-eventhouse.de\/index.php?rest_route=\/wp\/v2\/pages\/5142\/revisions"}],"predecessor-version":[{"id":5303,"href":"https:\/\/am-eventhouse.de\/index.php?rest_route=\/wp\/v2\/pages\/5142\/revisions\/5303"}],"up":[{"embeddable":true,"href":"https:\/\/am-eventhouse.de\/index.php?rest_route=\/wp\/v2\/pages\/4688"}],"wp:featuredmedia":[{"embeddable":true,"href":"https:\/\/am-eventhouse.de\/index.php?rest_route=\/wp\/v2\/media\/5222"}],"wp:attachment":[{"href":"https:\/\/am-eventhouse.de\/index.php?rest_route=%2Fwp%2Fv2%2Fmedia&parent=5142"}],"curies":[{"name":"wp","href":"https:\/\/api.w.org\/{rel}","templated":true}]}}